{"id":8,"date":"2020-12-08T11:52:20","date_gmt":"2020-12-08T14:52:20","guid":{"rendered":"https:\/\/cidadedascompras.com\/?page_id=8"},"modified":"2020-12-08T11:52:20","modified_gmt":"2020-12-08T14:52:20","slug":"contact","status":"publish","type":"page","link":"https:\/\/cidadedascompras.com\/index.php\/contact\/","title":{"rendered":"Contato"},"content":{"rendered":"\n<p class=\"has-text-align-left\">Vamos conversar &#128075; N\u00e3o hesite em falar conosco por meio das informa\u00e7\u00f5es de contato abaixo ou envie uma mensagem usando o formul\u00e1rio.<\/p>\n\n\n\n<div style=\"height:32px;\" aria-hidden=\"true\" class=\"wp-block-spacer desktop-only\"><\/div>\n\n\n\n<div class=\"wp-block-columns alignwide has-2-columns\">\n<div class=\"wp-block-column\">\n<h2 class=\"has-text-align-left\">Fale conosco<\/h2>\n\n\n\n<div class=\"wp-block-jetpack-contact-info\">\n<div class=\"wp-block-jetpack-address\"><div class=\"jetpack-address__address jetpack-address__address1\">Rua 10<\/div><div><span class=\"jetpack-address__city\">Cidade<\/span>, <span class=\"jetpack-address__region\"><\/span> <span class=\"jetpack-address__postal\">10100<\/span><\/div><div class=\"jetpack-address__country\">Brasil<\/div><\/div>\n\n\n\n<div class=\"wp-block-jetpack-email\"><a href=\"mailto:email@exemplo.com\">email@exemplo.com<\/a><\/div>\n\n\n\n<div class=\"wp-block-jetpack-phone\"><a href=\"tel:1234567890\">(123) 456-7890<\/a><\/div>\n<\/div>\n\n\n\n<ul class=\"wp-block-social-links\">\n\n\n\n\n\n\n\n\n\n\n\n\n\n\n\n<\/ul>\n<\/div>\n\n\n\n<div class=\"wp-block-column\">\n<h2 class=\"has-text-align-left\">Envie uma mensagem para n\u00f3s<\/h2>\n\n\n\n\n\n\n\n\n\n\n<\/div>\n<\/div>\n","protected":false},"excerpt":{"rendered":"<p>Vamos conversar &#128075; N\u00e3o hesite em falar conosco por meio das informa\u00e7\u00f5es de contato abaixo ou envie uma mensagem usando o formul\u00e1rio. Fale conosco Envie uma mensagem para n\u00f3s<\/p>\n","protected":false},"author":1,"featured_media":0,"parent":0,"menu_order":0,"comment_status":"closed","ping_status":"closed","template":"","meta":[],"_links":{"self":[{"href":"https:\/\/cidadedascompras.com\/index.php\/wp-json\/wp\/v2\/pages\/8"}],"collection":[{"href":"https:\/\/cidadedascompras.com\/index.php\/wp-json\/wp\/v2\/pages"}],"about":[{"href":"https:\/\/cidadedascompras.com\/index.php\/wp-json\/wp\/v2\/types\/page"}],"author":[{"embeddable":true,"href":"https:\/\/cidadedascompras.com\/index.php\/wp-json\/wp\/v2\/users\/1"}],"replies":[{"embeddable":true,"href":"https:\/\/cidadedascompras.com\/index.php\/wp-json\/wp\/v2\/comments?post=8"}],"version-history":[{"count":0,"href":"https:\/\/cidadedascompras.com\/index.php\/wp-json\/wp\/v2\/pages\/8\/revisions"}],"wp:attachment":[{"href":"https:\/\/cidadedascompras.com\/index.php\/wp-json\/wp\/v2\/media?parent=8"}],"curies":[{"name":"wp","href":"https:\/\/api.w.org\/{rel}","templated":true}]}}