{"id":7,"date":"2020-12-08T11:52:21","date_gmt":"2020-12-08T14:52:21","guid":{"rendered":"https:\/\/cidadedascompras.com\/?page_id=7"},"modified":"2021-01-22T11:40:12","modified_gmt":"2021-01-22T11:40:12","slug":"blog","status":"publish","type":"page","link":"https:\/\/cidadedascompras.com\/index.php\/blog\/","title":{"rendered":"Blog"},"content":{"rendered":"<ul class=\"wp-block-latest-posts__list has-dates has-author alignfull is-style-twentytwentyone-latest-posts-borders wp-block-latest-posts\"><li><div class=\"wp-block-latest-posts__featured-image\"><img width=\"282\" height=\"282\" src=\"https:\/\/cidadedascompras.com\/wp-content\/uploads\/2021\/10\/acao-282x282.png\" class=\"attachment-thumbnail size-thumbnail wp-post-image\" alt=\"\" loading=\"lazy\" style=\"width:100%;height:100%;max-width:3240px;\" srcset=\"https:\/\/cidadedascompras.com\/wp-content\/uploads\/2021\/10\/acao-282x282.png 282w, https:\/\/cidadedascompras.com\/wp-content\/uploads\/2021\/10\/acao-300x300.png 300w, https:\/\/cidadedascompras.com\/wp-content\/uploads\/2021\/10\/acao-1024x1024.png 1024w, https:\/\/cidadedascompras.com\/wp-content\/uploads\/2021\/10\/acao-768x768.png 768w, https:\/\/cidadedascompras.com\/wp-content\/uploads\/2021\/10\/acao-1536x1536.png 1536w, https:\/\/cidadedascompras.com\/wp-content\/uploads\/2021\/10\/acao-2048x2048.png 2048w, https:\/\/cidadedascompras.com\/wp-content\/uploads\/2021\/10\/acao-1568x1568.png 1568w\" sizes=\"(max-width: 282px) 100vw, 282px\" \/><\/div><a href=\"https:\/\/cidadedascompras.com\/index.php\/2021\/10\/07\/parquinho-infantil-gratuito-no-shopping-popular\/\">Parquinho infantil gratuito no Shopping Popular<\/a><div class=\"wp-block-latest-posts__post-author\">by _cidadedascompras<\/div><time datetime=\"2021-10-07T18:17:56+00:00\" class=\"wp-block-latest-posts__post-date\">October 7, 2021<\/time><div class=\"wp-block-latest-posts__post-excerpt\">O Shopping Popular Cidade das Compras preparou uma programa\u00e7\u00e3o especial para este fim de semana que antecede o dia das crian\u00e7as. Na sexta-feira, 08 de outubro, uma a\u00e7\u00e3o da Hapvida vai disponibilizar gratuitamente pula pula, guloseimas, exame de glicemia, aferi\u00e7\u00e3o de press\u00e3o e personagens divertidos na rua 19 e 20 do empreendimento. No s\u00e1bado, 09 de outubro, o parquinho gratuito do Shopping vai disponibilizar nas ruas 11, 12 e 13, pula-pula, tot\u00f3, casinha de bolinhas, escorregadeira e pipoca para todo mundo. O Cidade das Compras fica na rua Dr. Ol\u00edmpio Vital, em frente ao Terminal Central, no Centro de Abastecimento&hellip; <a class=\"more-link\" href=\"https:\/\/cidadedascompras.com\/index.php\/2021\/10\/07\/parquinho-infantil-gratuito-no-shopping-popular\/\">Continue reading <span class=\"screen-reader-text\">Parquinho infantil gratuito no Shopping Popular<\/span><\/a><\/div><\/li>\n<li><div class=\"wp-block-latest-posts__featured-image\"><img width=\"212\" height=\"282\" src=\"https:\/\/cidadedascompras.com\/wp-content\/uploads\/2021\/08\/bolo-212x282.png\" class=\"attachment-thumbnail size-thumbnail wp-post-image\" alt=\"\" loading=\"lazy\" style=\"width:100%;height:133.33%;max-width:408px;\" srcset=\"https:\/\/cidadedascompras.com\/wp-content\/uploads\/2021\/08\/bolo-212x282.png 212w, https:\/\/cidadedascompras.com\/wp-content\/uploads\/2021\/08\/bolo-225x300.png 225w, https:\/\/cidadedascompras.com\/wp-content\/uploads\/2021\/08\/bolo.png 408w\" sizes=\"(max-width: 212px) 100vw, 212px\" \/><\/div><a href=\"https:\/\/cidadedascompras.com\/index.php\/2021\/08\/26\/apae-comemora-aniversario-de-37-anos-no-shopping-popular\/\">APAE comemora anivers\u00e1rio de 37 anos no Shopping Popular<\/a><div class=\"wp-block-latest-posts__post-author\">by _cidadedascompras<\/div><time datetime=\"2021-08-26T17:34:00+00:00\" class=\"wp-block-latest-posts__post-date\">August 26, 2021<\/time><div class=\"wp-block-latest-posts__post-excerpt\">Ver essa foto no Instagram Uma publica\u00e7\u00e3o compartilhada por Cidade das Compras (@cidadedascomprasoficial)<\/div><\/li>\n<li><div class=\"wp-block-latest-posts__featured-image\"><img width=\"558\" height=\"282\" src=\"https:\/\/cidadedascompras.com\/wp-content\/uploads\/2021\/08\/12082021170342-558x282.jpg\" class=\"attachment-thumbnail size-thumbnail wp-post-image\" alt=\"\" loading=\"lazy\" style=\"width:100%;height:50.54%;max-width:1306px;\" srcset=\"https:\/\/cidadedascompras.com\/wp-content\/uploads\/2021\/08\/12082021170342-558x282.jpg 558w, https:\/\/cidadedascompras.com\/wp-content\/uploads\/2021\/08\/12082021170342-300x152.jpg 300w, https:\/\/cidadedascompras.com\/wp-content\/uploads\/2021\/08\/12082021170342-1024x517.jpg 1024w, https:\/\/cidadedascompras.com\/wp-content\/uploads\/2021\/08\/12082021170342-768x388.jpg 768w, https:\/\/cidadedascompras.com\/wp-content\/uploads\/2021\/08\/12082021170342.jpg 1306w\" sizes=\"(max-width: 558px) 100vw, 558px\" \/><\/div><a href=\"https:\/\/cidadedascompras.com\/index.php\/2021\/08\/16\/beneficiarios-do-bolsa-familia-terao-atendimento-no-shopping-cidade-das-compras\/\">Benefici\u00e1rios do Bolsa Fam\u00edlia ter\u00e3o atendimento no Shopping Cidade das Compras<\/a><div class=\"wp-block-latest-posts__post-author\">by _cidadedascompras<\/div><time datetime=\"2021-08-16T10:50:02+00:00\" class=\"wp-block-latest-posts__post-date\">August 16, 2021<\/time><div class=\"wp-block-latest-posts__post-excerpt\">Agora, benefici\u00e1rios do Bolsa Fam\u00edlia ter\u00e3o mais um posto avan\u00e7ado, no munic\u00edpio, onde poder\u00e3o solicitar o servi\u00e7o, atualizar dados do Cad\u00danico e ter acesso a assistentes sociais. O atendimento, ainda mais pr\u00f3ximo do cidad\u00e3o, ser\u00e1 disponibilizado no Shopping Cidade das Compras pela Prefeitura de Feira. Para isso, a Secretaria Municipal de Desenvolvimento Social (Sedeso) montou a estrutura do novo&nbsp;Centro de Atendimento do Bolsa Fam\u00edlia&nbsp;com seis guich\u00eas, onde atuar\u00e3o a equipe composta por assistente social e coordena\u00e7\u00e3o.&nbsp;Passa a funcionar a partir desta segunda-feira, 16, no t\u00e9rreo do entreposto comercial, das 8h \u00e0s 16h, em dias \u00fateis. O local estrat\u00e9gico, no Centro&hellip; <a class=\"more-link\" href=\"https:\/\/cidadedascompras.com\/index.php\/2021\/08\/16\/beneficiarios-do-bolsa-familia-terao-atendimento-no-shopping-cidade-das-compras\/\">Continue reading <span class=\"screen-reader-text\">Benefici\u00e1rios do Bolsa Fam\u00edlia ter\u00e3o atendimento no Shopping Cidade das Compras<\/span><\/a><\/div><\/li>\n<li><div class=\"wp-block-latest-posts__featured-image\"><img width=\"815\" height=\"282\" src=\"https:\/\/cidadedascompras.com\/wp-content\/uploads\/2021\/08\/68945ad5-a766-434b-a6e5-2980001017b5-815x282.jpg\" class=\"attachment-thumbnail size-thumbnail wp-post-image\" alt=\"\" loading=\"lazy\" style=\"width:100%;height:34.61%;max-width:1280px;\" srcset=\"https:\/\/cidadedascompras.com\/wp-content\/uploads\/2021\/08\/68945ad5-a766-434b-a6e5-2980001017b5-815x282.jpg 815w, https:\/\/cidadedascompras.com\/wp-content\/uploads\/2021\/08\/68945ad5-a766-434b-a6e5-2980001017b5-300x104.jpg 300w, https:\/\/cidadedascompras.com\/wp-content\/uploads\/2021\/08\/68945ad5-a766-434b-a6e5-2980001017b5-1024x354.jpg 1024w, https:\/\/cidadedascompras.com\/wp-content\/uploads\/2021\/08\/68945ad5-a766-434b-a6e5-2980001017b5-768x266.jpg 768w, https:\/\/cidadedascompras.com\/wp-content\/uploads\/2021\/08\/68945ad5-a766-434b-a6e5-2980001017b5.jpg 1280w\" sizes=\"(max-width: 815px) 100vw, 815px\" \/><\/div><a href=\"https:\/\/cidadedascompras.com\/index.php\/2021\/07\/22\/shopping-popular-e-sebrae-realizam-mais-um-curso-gratuito-para-lojistas\/\">Shopping Popular e SEBRAE realizam mais um curso gratuito para lojistas<\/a><div class=\"wp-block-latest-posts__post-author\">by _cidadedascompras<\/div><time datetime=\"2021-07-22T14:07:00+00:00\" class=\"wp-block-latest-posts__post-date\">July 22, 2021<\/time><div class=\"wp-block-latest-posts__post-excerpt\">Ontem, quarta-feira (21), o Shopping Popular, junto ao @sebraebahia realizou mais um curso gratuito para os lojistas do empreendimento. A palestra sobre Inova\u00e7\u00e3o em tempos de crise e gerou certificado, aconteceu seguindo todas as orienta\u00e7\u00f5es municipais e estaduais sobre a realiza\u00e7\u00e3o de eventos no per\u00edodo de pandemia.<\/div><\/li>\n<li><div class=\"wp-block-latest-posts__featured-image\"><img width=\"501\" height=\"282\" src=\"https:\/\/cidadedascompras.com\/wp-content\/uploads\/2021\/07\/12da1c42-8f5c-48cb-ab8a-8e06fdddea05-1-501x282.jpg\" class=\"attachment-thumbnail size-thumbnail wp-post-image\" alt=\"\" loading=\"lazy\" style=\"width:100%;height:56.31%;max-width:1600px;\" srcset=\"https:\/\/cidadedascompras.com\/wp-content\/uploads\/2021\/07\/12da1c42-8f5c-48cb-ab8a-8e06fdddea05-1-501x282.jpg 501w, https:\/\/cidadedascompras.com\/wp-content\/uploads\/2021\/07\/12da1c42-8f5c-48cb-ab8a-8e06fdddea05-1-300x169.jpg 300w, https:\/\/cidadedascompras.com\/wp-content\/uploads\/2021\/07\/12da1c42-8f5c-48cb-ab8a-8e06fdddea05-1-1024x577.jpg 1024w, https:\/\/cidadedascompras.com\/wp-content\/uploads\/2021\/07\/12da1c42-8f5c-48cb-ab8a-8e06fdddea05-1-768x432.jpg 768w, https:\/\/cidadedascompras.com\/wp-content\/uploads\/2021\/07\/12da1c42-8f5c-48cb-ab8a-8e06fdddea05-1-1536x865.jpg 1536w, https:\/\/cidadedascompras.com\/wp-content\/uploads\/2021\/07\/12da1c42-8f5c-48cb-ab8a-8e06fdddea05-1-1568x883.jpg 1568w, https:\/\/cidadedascompras.com\/wp-content\/uploads\/2021\/07\/12da1c42-8f5c-48cb-ab8a-8e06fdddea05-1.jpg 1600w\" sizes=\"(max-width: 501px) 100vw, 501px\" \/><\/div><a href=\"https:\/\/cidadedascompras.com\/index.php\/2021\/07\/21\/apae-faz-exposicao-no-shopping-popular\/\">APAE faz exposi\u00e7\u00e3o no Shopping Popular<\/a><div class=\"wp-block-latest-posts__post-author\">by _cidadedascompras<\/div><time datetime=\"2021-07-21T14:57:34+00:00\" class=\"wp-block-latest-posts__post-date\">July 21, 2021<\/time><div class=\"wp-block-latest-posts__post-excerpt\">A Associa\u00e7\u00e3o de Pais e Amigos dos Excepcionais\u00a0(Apae), exp\u00f5e a partir de hoje, 21, na rua 11 do Shopping Popular Cidade das Compras, trabalhos produzidos pelos alunos da entidade, consolidando ainda mais o car\u00e1ter social do empreendimento em Feira de Santana. A inaugura\u00e7\u00e3o da exposi\u00e7\u00e3o foi marcada por apresenta\u00e7\u00f5es de dan\u00e7a dos estudantes e acompanhada pelo lan\u00e7amento do box da APAE no equipamento, localizado na rua 10. Os novos lojistas e parceiros vendem artigos para presentes personalizados de todos os tipos, incluindo caixas decoradas, peso de porta, necess\u00e9rie, bolsa t\u00e9rmica, panos de prato, toucas, aventais e muito mais. A exposi\u00e7\u00e3o&hellip; <a class=\"more-link\" href=\"https:\/\/cidadedascompras.com\/index.php\/2021\/07\/21\/apae-faz-exposicao-no-shopping-popular\/\">Continue reading <span class=\"screen-reader-text\">APAE faz exposi\u00e7\u00e3o no Shopping Popular<\/span><\/a><\/div><\/li>\n<\/ul>","protected":false},"excerpt":{"rendered":"","protected":false},"author":1,"featured_media":0,"parent":0,"menu_order":0,"comment_status":"closed","ping_status":"closed","template":"","meta":[],"_links":{"self":[{"href":"https:\/\/cidadedascompras.com\/index.php\/wp-json\/wp\/v2\/pages\/7"}],"collection":[{"href":"https:\/\/cidadedascompras.com\/index.php\/wp-json\/wp\/v2\/pages"}],"about":[{"href":"https:\/\/cidadedascompras.com\/index.php\/wp-json\/wp\/v2\/types\/page"}],"author":[{"embeddable":true,"href":"https:\/\/cidadedascompras.com\/index.php\/wp-json\/wp\/v2\/users\/1"}],"replies":[{"embeddable":true,"href":"https:\/\/cidadedascompras.com\/index.php\/wp-json\/wp\/v2\/comments?post=7"}],"version-history":[{"count":2,"href":"https:\/\/cidadedascompras.com\/index.php\/wp-json\/wp\/v2\/pages\/7\/revisions"}],"predecessor-version":[{"id":99,"href":"https:\/\/cidadedascompras.com\/index.php\/wp-json\/wp\/v2\/pages\/7\/revisions\/99"}],"wp:attachment":[{"href":"https:\/\/cidadedascompras.com\/index.php\/wp-json\/wp\/v2\/media?parent=7"}],"curies":[{"name":"wp","href":"https:\/\/api.w.org\/{rel}","templated":true}]}}