{"id":11,"date":"2020-12-16T11:38:39","date_gmt":"2020-12-16T11:38:39","guid":{"rendered":"http:\/\/cidadedascompras.com\/?page_id=11"},"modified":"2021-01-22T11:37:59","modified_gmt":"2021-01-22T11:37:59","slug":"11-2","status":"publish","type":"page","link":"https:\/\/cidadedascompras.com\/","title":{"rendered":"Untitled"},"content":{"rendered":"\n<div class=\"wp-block-cover alignfull is-style-default\" style=\"background-image:url(https:\/\/cidadedascompras.files.wordpress.com\/2020\/12\/banner-bg.jpg);min-height:100vh\"><div class=\"wp-block-cover__inner-container\">\n<p><\/p>\n<\/div><\/div>\n\n\n\n<hr class=\"wp-block-separator\"\/>\n\n\n\n<div class=\"wp-block-group alignfull is-style-default has-background\" style=\"background:linear-gradient(160deg,#EEEADD 0%,#D1D1E4 100%)\"><div class=\"wp-block-group__inner-container\"><ul class=\"wp-block-latest-posts__list is-grid columns-3 alignfull is-style-twentytwentyone-latest-posts-borders wp-block-latest-posts\"><li><div class=\"wp-block-latest-posts__featured-image aligncenter\"><img width=\"282\" height=\"282\" src=\"https:\/\/cidadedascompras.com\/wp-content\/uploads\/2021\/10\/acao-282x282.png\" class=\"attachment-thumbnail size-thumbnail wp-post-image\" alt=\"\" loading=\"lazy\" style=\"width:100%;height:100%;max-width:3240px;\" srcset=\"https:\/\/cidadedascompras.com\/wp-content\/uploads\/2021\/10\/acao-282x282.png 282w, https:\/\/cidadedascompras.com\/wp-content\/uploads\/2021\/10\/acao-300x300.png 300w, https:\/\/cidadedascompras.com\/wp-content\/uploads\/2021\/10\/acao-1024x1024.png 1024w, https:\/\/cidadedascompras.com\/wp-content\/uploads\/2021\/10\/acao-768x768.png 768w, https:\/\/cidadedascompras.com\/wp-content\/uploads\/2021\/10\/acao-1536x1536.png 1536w, https:\/\/cidadedascompras.com\/wp-content\/uploads\/2021\/10\/acao-2048x2048.png 2048w, https:\/\/cidadedascompras.com\/wp-content\/uploads\/2021\/10\/acao-1568x1568.png 1568w\" sizes=\"(max-width: 282px) 100vw, 282px\" \/><\/div><a href=\"https:\/\/cidadedascompras.com\/index.php\/2021\/10\/07\/parquinho-infantil-gratuito-no-shopping-popular\/\">Parquinho infantil gratuito no Shopping Popular<\/a><\/li>\n<li><div class=\"wp-block-latest-posts__featured-image aligncenter\"><img width=\"212\" height=\"282\" src=\"https:\/\/cidadedascompras.com\/wp-content\/uploads\/2021\/08\/bolo-212x282.png\" class=\"attachment-thumbnail size-thumbnail wp-post-image\" alt=\"\" loading=\"lazy\" style=\"width:100%;height:133.33%;max-width:408px;\" srcset=\"https:\/\/cidadedascompras.com\/wp-content\/uploads\/2021\/08\/bolo-212x282.png 212w, https:\/\/cidadedascompras.com\/wp-content\/uploads\/2021\/08\/bolo-225x300.png 225w, https:\/\/cidadedascompras.com\/wp-content\/uploads\/2021\/08\/bolo.png 408w\" sizes=\"(max-width: 212px) 100vw, 212px\" \/><\/div><a href=\"https:\/\/cidadedascompras.com\/index.php\/2021\/08\/26\/apae-comemora-aniversario-de-37-anos-no-shopping-popular\/\">APAE comemora anivers\u00e1rio de 37 anos no Shopping Popular<\/a><\/li>\n<li><div class=\"wp-block-latest-posts__featured-image aligncenter\"><img width=\"558\" height=\"282\" src=\"https:\/\/cidadedascompras.com\/wp-content\/uploads\/2021\/08\/12082021170342-558x282.jpg\" class=\"attachment-thumbnail size-thumbnail wp-post-image\" alt=\"\" loading=\"lazy\" style=\"width:100%;height:50.54%;max-width:1306px;\" srcset=\"https:\/\/cidadedascompras.com\/wp-content\/uploads\/2021\/08\/12082021170342-558x282.jpg 558w, https:\/\/cidadedascompras.com\/wp-content\/uploads\/2021\/08\/12082021170342-300x152.jpg 300w, https:\/\/cidadedascompras.com\/wp-content\/uploads\/2021\/08\/12082021170342-1024x517.jpg 1024w, https:\/\/cidadedascompras.com\/wp-content\/uploads\/2021\/08\/12082021170342-768x388.jpg 768w, https:\/\/cidadedascompras.com\/wp-content\/uploads\/2021\/08\/12082021170342.jpg 1306w\" sizes=\"(max-width: 558px) 100vw, 558px\" \/><\/div><a href=\"https:\/\/cidadedascompras.com\/index.php\/2021\/08\/16\/beneficiarios-do-bolsa-familia-terao-atendimento-no-shopping-cidade-das-compras\/\">Benefici\u00e1rios do Bolsa Fam\u00edlia ter\u00e3o atendimento no Shopping Cidade das Compras<\/a><\/li>\n<\/ul><\/div><\/div>\n\n\n\n<hr class=\"wp-block-separator\"\/>\n\n\n\n<div class=\"wp-block-group alignfull has-green-background-color has-background\"><div class=\"wp-block-group__inner-container\">\n<div class=\"wp-block-columns alignwide has-yellow-to-purple-gradient-background has-background\">\n<div class=\"wp-block-column\">\n<figure class=\"wp-block-image size-large\"><img loading=\"lazy\" width=\"315\" height=\"210\" src=\"http:\/\/cidadedascompras.com\/wp-content\/uploads\/2021\/01\/vendetudo.png\" alt=\"\" class=\"wp-image-60\" srcset=\"https:\/\/cidadedascompras.com\/wp-content\/uploads\/2021\/01\/vendetudo.png 315w, https:\/\/cidadedascompras.com\/wp-content\/uploads\/2021\/01\/vendetudo-300x200.png 300w\" sizes=\"(max-width: 315px) 100vw, 315px\" \/><\/figure>\n\n\n\n<h4 class=\"has-text-align-center\">Compre de tudo<\/h4>\n\n\n\n<p class=\"has-text-align-center has-small-font-size\">Somos o maior centro de atacado do Nordeste. Aqui voc\u00ea encontra de tudo: artesanato, agricultura familiar, eletr\u00f4nicos, moda, cal\u00e7ados, produtos naturais e muito mais.<\/p>\n<\/div>\n\n\n\n<div class=\"wp-block-column\">\n<figure class=\"wp-block-image size-large\"><img loading=\"lazy\" width=\"315\" height=\"210\" src=\"http:\/\/cidadedascompras.com\/wp-content\/uploads\/2021\/01\/localizacao.png\" alt=\"\" class=\"wp-image-59\" srcset=\"https:\/\/cidadedascompras.com\/wp-content\/uploads\/2021\/01\/localizacao.png 315w, https:\/\/cidadedascompras.com\/wp-content\/uploads\/2021\/01\/localizacao-300x200.png 300w\" sizes=\"(max-width: 315px) 100vw, 315px\" \/><\/figure>\n\n\n\n<h4 class=\"has-text-align-center\">Localiza\u00e7\u00e3o ideal<\/h4>\n\n\n\n<p class=\"has-text-align-center has-small-font-size\">Ficamos no Centro de Abastecimento, na continua\u00e7\u00e3o da principal avenida da cidade (Get\u00falio Vargas), em frente ao Terminal Central e pr\u00f3ximo de outros importantes pontos de Feira.<\/p>\n<\/div>\n\n\n\n<div class=\"wp-block-column\">\n<figure class=\"wp-block-image alignwide size-large\"><img loading=\"lazy\" width=\"315\" height=\"210\" src=\"http:\/\/cidadedascompras.com\/wp-content\/uploads\/2021\/01\/estacionamento.png\" alt=\"\" class=\"wp-image-58\" srcset=\"https:\/\/cidadedascompras.com\/wp-content\/uploads\/2021\/01\/estacionamento.png 315w, https:\/\/cidadedascompras.com\/wp-content\/uploads\/2021\/01\/estacionamento-300x200.png 300w\" sizes=\"(max-width: 315px) 100vw, 315px\" \/><\/figure>\n\n\n\n<h4 class=\"has-text-align-center\">Estacionamento gratuito<\/h4>\n\n\n\n<p class=\"has-text-align-center has-small-font-size\">Nosso estacionamento \u00e9 amplo e gratuito. S\u00e3o mais de 600 vagas para voc\u00ea deixar seu ve\u00edculo em seguran\u00e7a e aproveitar em paz o dia de compras no Shopping Popular.<\/p>\n<\/div>\n<\/div>\n\n\n\n<p><\/p>\n<\/div><\/div>\n\n\n\n<hr class=\"wp-block-separator\"\/>\n\n\n\n<div class=\"wp-block-cover alignfull has-background-dim-70 has-background-dim\" style=\"background-image:url(https:\/\/cidadedascompras.com\/wp-content\/uploads\/2021\/01\/20201123_130208-scaled.jpg);background-color:#000000\"><div class=\"wp-block-cover__inner-container\">\n<h6 class=\"alignfull has-text-align-center\"><\/h6>\n\n\n\n<h2 class=\"has-text-align-center\">Alugue uma loja<\/h2>\n\n\n\n<p class=\"has-text-align-center\">Compare\u00e7a ao Shopping Popular Cidade das Compras e converse com um dos nossos corretores. N\u00f3s temos toda a estrutura que voc\u00ea precisa para crescer o seu neg\u00f3cio <\/p>\n\n\n\n<p><\/p>\n<\/div><\/div>\n\n\n\n<div class=\"wp-block-columns\">\n<div class=\"wp-block-column is-vertically-aligned-top\" style=\"flex-basis:100%\">\n<div class=\"wp-block-columns\"><\/div>\n<\/div>\n<\/div>\n\n\n\n<p><\/p>\n","protected":false},"excerpt":{"rendered":"","protected":false},"author":1,"featured_media":0,"parent":0,"menu_order":1,"comment_status":"closed","ping_status":"closed","template":"","meta":[],"_links":{"self":[{"href":"https:\/\/cidadedascompras.com\/index.php\/wp-json\/wp\/v2\/pages\/11"}],"collection":[{"href":"https:\/\/cidadedascompras.com\/index.php\/wp-json\/wp\/v2\/pages"}],"about":[{"href":"https:\/\/cidadedascompras.com\/index.php\/wp-json\/wp\/v2\/types\/page"}],"author":[{"embeddable":true,"href":"https:\/\/cidadedascompras.com\/index.php\/wp-json\/wp\/v2\/users\/1"}],"replies":[{"embeddable":true,"href":"https:\/\/cidadedascompras.com\/index.php\/wp-json\/wp\/v2\/comments?post=11"}],"version-history":[{"count":15,"href":"https:\/\/cidadedascompras.com\/index.php\/wp-json\/wp\/v2\/pages\/11\/revisions"}],"predecessor-version":[{"id":96,"href":"https:\/\/cidadedascompras.com\/index.php\/wp-json\/wp\/v2\/pages\/11\/revisions\/96"}],"wp:attachment":[{"href":"https:\/\/cidadedascompras.com\/index.php\/wp-json\/wp\/v2\/media?parent=11"}],"curies":[{"name":"wp","href":"https:\/\/api.w.org\/{rel}","templated":true}]}}